{"id":16,"date":"2011-03-19T11:54:19","date_gmt":"2011-03-19T09:54:19","guid":{"rendered":"http:\/\/www.joonaswidenius.org\/?page_id=16"},"modified":"2023-12-07T11:11:31","modified_gmt":"2023-12-07T09:11:31","slug":"press","status":"publish","type":"page","link":"https:\/\/joonaswidenius.org\/fi\/press\/","title":{"rendered":"Press"},"content":{"rendered":"<p><figure id=\"attachment_1147\" aria-describedby=\"caption-attachment-1147\" style=\"width: 300px\" class=\"wp-caption alignleft\"><a href=\"https:\/\/joonaswidenius.org\/wp-content\/uploads\/2023\/12\/W0A8820-MW-2_cr_photominnahatinen.jpg\"><img loading=\"lazy\" decoding=\"async\" class=\"wp-image-1147 size-medium\" src=\"https:\/\/joonaswidenius.org\/wp-content\/uploads\/2023\/12\/W0A8820-MW-2_cr_photominnahatinen-300x200.jpg\" alt=\"Photo by Minna Hatinen\" width=\"300\" height=\"200\" srcset=\"https:\/\/joonaswidenius.org\/wp-content\/uploads\/2023\/12\/W0A8820-MW-2_cr_photominnahatinen-300x200.jpg 300w, https:\/\/joonaswidenius.org\/wp-content\/uploads\/2023\/12\/W0A8820-MW-2_cr_photominnahatinen-1024x683.jpg 1024w, https:\/\/joonaswidenius.org\/wp-content\/uploads\/2023\/12\/W0A8820-MW-2_cr_photominnahatinen-768x512.jpg 768w, https:\/\/joonaswidenius.org\/wp-content\/uploads\/2023\/12\/W0A8820-MW-2_cr_photominnahatinen-1536x1024.jpg 1536w, https:\/\/joonaswidenius.org\/wp-content\/uploads\/2023\/12\/W0A8820-MW-2_cr_photominnahatinen.jpg 1920w\" sizes=\"auto, (max-width: 300px) 100vw, 300px\" \/><\/a><figcaption id=\"caption-attachment-1147\" class=\"wp-caption-text\">Photo by Minna Hatinen<\/figcaption><\/figure><\/p>\n<p>Wideniuksen flamencokitarointi tunnetaan jo laajalti. Oli sitten kyseess\u00e4 soolokonsertti, yhtyeen keikat, s\u00e4estysteht\u00e4v\u00e4t, studiomuusikon teht\u00e4v\u00e4t tai monet muut. H\u00e4net tunnetaan mt\u00f6s johtamastaan Joonas Widenius Triosta, joka yhdistelee jazzia ja maailmanmusiikkia.<\/p>\n<p>Wideniukselle my\u00f6nnettiin synnyinkaupunkinsa Tornion kulttuuripalkinto vuonna 2019. H\u00e4nen aktiivinen soolo-ohjelmistonsa pit\u00e4\u00e4 sis\u00e4ll\u00e4\u00e4n runsaasti flamencon traditiota, sek\u00e4 omia eri aikakausien s\u00e4vellyksi\u00e4 globaaleilla vivahteilla, pohjoismaista melodisuutta unohtamatta.<\/p>\n<figure id=\"attachment_1149\" aria-describedby=\"caption-attachment-1149\" style=\"width: 300px\" class=\"wp-caption alignright\"><a href=\"https:\/\/joonaswidenius.org\/wp-content\/uploads\/2023\/12\/Joonas-Widenius-by-Matti-Sten-2.jpg\"><img loading=\"lazy\" decoding=\"async\" class=\"wp-image-1149 size-medium\" src=\"https:\/\/joonaswidenius.org\/wp-content\/uploads\/2023\/12\/Joonas-Widenius-by-Matti-Sten-2-300x200.jpg\" alt=\"Photo by Matti Sten\" width=\"300\" height=\"200\" srcset=\"https:\/\/joonaswidenius.org\/wp-content\/uploads\/2023\/12\/Joonas-Widenius-by-Matti-Sten-2-300x200.jpg 300w, https:\/\/joonaswidenius.org\/wp-content\/uploads\/2023\/12\/Joonas-Widenius-by-Matti-Sten-2-1024x683.jpg 1024w, https:\/\/joonaswidenius.org\/wp-content\/uploads\/2023\/12\/Joonas-Widenius-by-Matti-Sten-2-768x512.jpg 768w, https:\/\/joonaswidenius.org\/wp-content\/uploads\/2023\/12\/Joonas-Widenius-by-Matti-Sten-2-1536x1024.jpg 1536w, https:\/\/joonaswidenius.org\/wp-content\/uploads\/2023\/12\/Joonas-Widenius-by-Matti-Sten-2.jpg 1920w\" sizes=\"auto, (max-width: 300px) 100vw, 300px\" \/><\/a><figcaption id=\"caption-attachment-1149\" class=\"wp-caption-text\">Photo by Matti Sten<\/figcaption><\/figure>\n<p>Wideniuksen osaaminen h\u00e4mm\u00e4stytti my\u00f6s flamencokitaravirtuoosi Paco de Lucian kiertuemanagerin, joka intoutui kirjoittamaan h\u00e4nest\u00e4 sanoin: <em>I am very surprised to hear such an authentic Flamenco feeling from the north of Europe. Joonas Widenius really has a Spanish heart!<\/em><\/p>\n<p>Solistina h\u00e4n on esiintynyt laajalti, joko soolona tai trionsa kanssa, erilaisilla festivaaleilla, klubeilla (mm.Suomi, Ruotsi, Saksa, Tanska, Skotlanti, Viro, Ven\u00e4j\u00e4) ja konserttisaleissa. Widenius on s\u00e4velt\u00e4nyt ja sovittanut musiikkia lukuisille eri tahoille.<\/p>\n<figure id=\"attachment_1150\" aria-describedby=\"caption-attachment-1150\" style=\"width: 300px\" class=\"wp-caption alignleft\"><a href=\"https:\/\/joonaswidenius.org\/wp-content\/uploads\/2023\/12\/Joonas-Widenius-by-Kalle-Paasonen.jpg\"><img loading=\"lazy\" decoding=\"async\" class=\"wp-image-1150 size-medium\" src=\"https:\/\/joonaswidenius.org\/wp-content\/uploads\/2023\/12\/Joonas-Widenius-by-Kalle-Paasonen-300x169.jpg\" alt=\"Photo by Kalle Paasonen\" width=\"300\" height=\"169\" srcset=\"https:\/\/joonaswidenius.org\/wp-content\/uploads\/2023\/12\/Joonas-Widenius-by-Kalle-Paasonen-300x169.jpg 300w, https:\/\/joonaswidenius.org\/wp-content\/uploads\/2023\/12\/Joonas-Widenius-by-Kalle-Paasonen-1024x577.jpg 1024w, https:\/\/joonaswidenius.org\/wp-content\/uploads\/2023\/12\/Joonas-Widenius-by-Kalle-Paasonen-768x432.jpg 768w, https:\/\/joonaswidenius.org\/wp-content\/uploads\/2023\/12\/Joonas-Widenius-by-Kalle-Paasonen-1536x865.jpg 1536w, https:\/\/joonaswidenius.org\/wp-content\/uploads\/2023\/12\/Joonas-Widenius-by-Kalle-Paasonen-530x298.jpg 530w, https:\/\/joonaswidenius.org\/wp-content\/uploads\/2023\/12\/Joonas-Widenius-by-Kalle-Paasonen.jpg 1920w\" sizes=\"auto, (max-width: 300px) 100vw, 300px\" \/><\/a><figcaption id=\"caption-attachment-1150\" class=\"wp-caption-text\">Photo by Kalle Paasonen<\/figcaption><\/figure>\n<p><strong>\u201cThe ten fingers are more than alive!\u201d<\/strong> Simmern, Thomas Torkler, Germany<\/p>\n<p><strong>&#8221;Einfach sensationell!&#8221;<\/strong> Concerto Magazine, Austria<\/p>\n<p><strong>\u201dAmazing flamenco guitarist!\u201d<\/strong> Helsingin Sanomat, Finland<\/p>","protected":false},"excerpt":{"rendered":"<p>Wideniuksen flamencokitarointi tunnetaan jo laajalti. Oli sitten kyseess\u00e4 soolokonsertti, yhtyeen keikat, s\u00e4estysteht\u00e4v\u00e4t, studiomuusikon teht\u00e4v\u00e4t tai monet muut. H\u00e4net tunnetaan mt\u00f6s johtamastaan Joonas Widenius Triosta, joka yhdistelee jazzia ja maailmanmusiikkia. Wideniukselle my\u00f6nnettiin synnyinkaupunkinsa Tornion kulttuuripalkinto vuonna 2019. H\u00e4nen aktiivinen soolo-ohjelmistonsa pit\u00e4\u00e4 sis\u00e4ll\u00e4\u00e4n runsaasti flamencon traditiota, sek\u00e4 omia eri aikakausien s\u00e4vellyksi\u00e4 globaaleilla vivahteilla, pohjoismaista melodisuutta unohtamatta. Wideniuksen [&hellip;]<\/p>\n","protected":false},"author":2,"featured_media":0,"parent":0,"menu_order":0,"comment_status":"closed","ping_status":"closed","template":"","meta":{"footnotes":""},"class_list":{"0":"post-16","1":"page","2":"type-page","3":"status-publish","5":"entry"},"_links":{"self":[{"href":"https:\/\/joonaswidenius.org\/fi\/wp-json\/wp\/v2\/pages\/16","targetHints":{"allow":["GET"]}}],"collection":[{"href":"https:\/\/joonaswidenius.org\/fi\/wp-json\/wp\/v2\/pages"}],"about":[{"href":"https:\/\/joonaswidenius.org\/fi\/wp-json\/wp\/v2\/types\/page"}],"author":[{"embeddable":true,"href":"https:\/\/joonaswidenius.org\/fi\/wp-json\/wp\/v2\/users\/2"}],"replies":[{"embeddable":true,"href":"https:\/\/joonaswidenius.org\/fi\/wp-json\/wp\/v2\/comments?post=16"}],"version-history":[{"count":19,"href":"https:\/\/joonaswidenius.org\/fi\/wp-json\/wp\/v2\/pages\/16\/revisions"}],"predecessor-version":[{"id":1159,"href":"https:\/\/joonaswidenius.org\/fi\/wp-json\/wp\/v2\/pages\/16\/revisions\/1159"}],"wp:attachment":[{"href":"https:\/\/joonaswidenius.org\/fi\/wp-json\/wp\/v2\/media?parent=16"}],"curies":[{"name":"wp","href":"https:\/\/api.w.org\/{rel}","templated":true}]}}